{"id":112,"date":"2021-07-07T05:54:08","date_gmt":"2021-07-07T05:54:08","guid":{"rendered":"http:\/\/neozoa-entertainment.com\/?page_id=112"},"modified":"2024-04-07T07:36:43","modified_gmt":"2024-04-07T07:36:43","slug":"press","status":"publish","type":"page","link":"https:\/\/neozoa-entertainment.com\/de\/press\/","title":{"rendered":"Presse"},"content":{"rendered":"<h3 class=\"wp-block-heading\">Neozoa Entertainment<\/h3>\n\n\n\n<figure class=\"wp-block-table is-style-stripes\"><table class=\"has-fixed-layout\"><tbody><tr><td><img decoding=\"async\" src=\"https:\/\/neozoa-entertainment.com\/wp-content\/uploads\/2021\/11\/Logo_Neozoa_1024-1024x1024.png\" alt=\"\"><\/td><td><img decoding=\"async\" src=\"https:\/\/neozoa-entertainment.com\/wp-content\/uploads\/2021\/07\/Logo_BurundukSW_150.png\" alt=\"Logo Neozoa Entertainment\"><\/td><td><\/td><td><\/td><\/tr><tr><td><\/td><td><\/td><td><\/td><td><\/td><\/tr><\/tbody><\/table><\/figure>\n\n\n\n<h3 class=\"wp-block-heading\">Games &#8211; Coming soon!<\/h3>\n\n\n\n<h3 class=\"wp-block-heading\" id=\"block-419fe37e-5d43-46bb-82ea-b31a4a3b62fb\">Apps &#8211; Navicartum<\/h3>\n\n\n\n<figure class=\"wp-block-table is-style-stripes\"><table class=\"has-fixed-layout\"><tbody><tr><td><img loading=\"lazy\" decoding=\"async\" width=\"1024\" height=\"1024\" class=\"wp-image-116\" style=\"width: px;\" src=\"http:\/\/neozoa-entertainment.com\/wp-content\/uploads\/2021\/07\/Icon1024.png\" alt=\"\" srcset=\"https:\/\/neozoa-entertainment.com\/wp-content\/uploads\/2021\/07\/Icon1024.png 1024w, https:\/\/neozoa-entertainment.com\/wp-content\/uploads\/2021\/07\/Icon1024-300x300.png 300w, https:\/\/neozoa-entertainment.com\/wp-content\/uploads\/2021\/07\/Icon1024-150x150.png 150w, https:\/\/neozoa-entertainment.com\/wp-content\/uploads\/2021\/07\/Icon1024-768x768.png 768w, https:\/\/neozoa-entertainment.com\/wp-content\/uploads\/2021\/07\/Icon1024-12x12.png 12w, https:\/\/neozoa-entertainment.com\/wp-content\/uploads\/2021\/07\/Icon1024-75x75.png 75w\" sizes=\"auto, (max-width: 1024px) 100vw, 1024px\" \/><\/td><td><img loading=\"lazy\" decoding=\"async\" width=\"1242\" height=\"2208\" class=\"wp-image-121\" style=\"width: px;\" src=\"http:\/\/neozoa-entertainment.com\/wp-content\/uploads\/2021\/07\/Navicartum_Main_Menu.png\" alt=\"\" srcset=\"https:\/\/neozoa-entertainment.com\/wp-content\/uploads\/2021\/07\/Navicartum_Main_Menu.png 1242w, https:\/\/neozoa-entertainment.com\/wp-content\/uploads\/2021\/07\/Navicartum_Main_Menu-169x300.png 169w, https:\/\/neozoa-entertainment.com\/wp-content\/uploads\/2021\/07\/Navicartum_Main_Menu-576x1024.png 576w, https:\/\/neozoa-entertainment.com\/wp-content\/uploads\/2021\/07\/Navicartum_Main_Menu-768x1365.png 768w, https:\/\/neozoa-entertainment.com\/wp-content\/uploads\/2021\/07\/Navicartum_Main_Menu-864x1536.png 864w, https:\/\/neozoa-entertainment.com\/wp-content\/uploads\/2021\/07\/Navicartum_Main_Menu-1152x2048.png 1152w, https:\/\/neozoa-entertainment.com\/wp-content\/uploads\/2021\/07\/Navicartum_Main_Menu-7x12.png 7w\" sizes=\"auto, (max-width: 1242px) 100vw, 1242px\" \/><\/td><td><img loading=\"lazy\" decoding=\"async\" width=\"1242\" height=\"2208\" class=\"wp-image-122\" style=\"width: px;\" src=\"http:\/\/neozoa-entertainment.com\/wp-content\/uploads\/2021\/07\/Navicartum_Search.png\" alt=\"\" srcset=\"https:\/\/neozoa-entertainment.com\/wp-content\/uploads\/2021\/07\/Navicartum_Search.png 1242w, https:\/\/neozoa-entertainment.com\/wp-content\/uploads\/2021\/07\/Navicartum_Search-169x300.png 169w, https:\/\/neozoa-entertainment.com\/wp-content\/uploads\/2021\/07\/Navicartum_Search-576x1024.png 576w, https:\/\/neozoa-entertainment.com\/wp-content\/uploads\/2021\/07\/Navicartum_Search-768x1365.png 768w, https:\/\/neozoa-entertainment.com\/wp-content\/uploads\/2021\/07\/Navicartum_Search-864x1536.png 864w, https:\/\/neozoa-entertainment.com\/wp-content\/uploads\/2021\/07\/Navicartum_Search-1152x2048.png 1152w, https:\/\/neozoa-entertainment.com\/wp-content\/uploads\/2021\/07\/Navicartum_Search-7x12.png 7w\" sizes=\"auto, (max-width: 1242px) 100vw, 1242px\" \/><\/td><td><img loading=\"lazy\" decoding=\"async\" width=\"1242\" height=\"2208\" class=\"wp-image-118\" style=\"width: px;\" src=\"http:\/\/neozoa-entertainment.com\/wp-content\/uploads\/2021\/07\/Navicartum_Book.png\" alt=\"\" srcset=\"https:\/\/neozoa-entertainment.com\/wp-content\/uploads\/2021\/07\/Navicartum_Book.png 1242w, https:\/\/neozoa-entertainment.com\/wp-content\/uploads\/2021\/07\/Navicartum_Book-169x300.png 169w, https:\/\/neozoa-entertainment.com\/wp-content\/uploads\/2021\/07\/Navicartum_Book-576x1024.png 576w, https:\/\/neozoa-entertainment.com\/wp-content\/uploads\/2021\/07\/Navicartum_Book-768x1365.png 768w, https:\/\/neozoa-entertainment.com\/wp-content\/uploads\/2021\/07\/Navicartum_Book-864x1536.png 864w, https:\/\/neozoa-entertainment.com\/wp-content\/uploads\/2021\/07\/Navicartum_Book-1152x2048.png 1152w, https:\/\/neozoa-entertainment.com\/wp-content\/uploads\/2021\/07\/Navicartum_Book-7x12.png 7w\" sizes=\"auto, (max-width: 1242px) 100vw, 1242px\" \/><\/td><\/tr><tr><td><img loading=\"lazy\" decoding=\"async\" width=\"1242\" height=\"2208\" class=\"wp-image-119\" style=\"width: px;\" src=\"http:\/\/neozoa-entertainment.com\/wp-content\/uploads\/2021\/07\/Navicartum_Content.png\" alt=\"\" srcset=\"https:\/\/neozoa-entertainment.com\/wp-content\/uploads\/2021\/07\/Navicartum_Content.png 1242w, https:\/\/neozoa-entertainment.com\/wp-content\/uploads\/2021\/07\/Navicartum_Content-169x300.png 169w, https:\/\/neozoa-entertainment.com\/wp-content\/uploads\/2021\/07\/Navicartum_Content-576x1024.png 576w, https:\/\/neozoa-entertainment.com\/wp-content\/uploads\/2021\/07\/Navicartum_Content-768x1365.png 768w, https:\/\/neozoa-entertainment.com\/wp-content\/uploads\/2021\/07\/Navicartum_Content-864x1536.png 864w, https:\/\/neozoa-entertainment.com\/wp-content\/uploads\/2021\/07\/Navicartum_Content-1152x2048.png 1152w, https:\/\/neozoa-entertainment.com\/wp-content\/uploads\/2021\/07\/Navicartum_Content-7x12.png 7w\" sizes=\"auto, (max-width: 1242px) 100vw, 1242px\" \/><\/td><td><img loading=\"lazy\" decoding=\"async\" width=\"1080\" height=\"1920\" class=\"wp-image-120\" style=\"width: px;\" src=\"http:\/\/neozoa-entertainment.com\/wp-content\/uploads\/2021\/07\/Navicartum_Darkmode.png\" alt=\"\" srcset=\"https:\/\/neozoa-entertainment.com\/wp-content\/uploads\/2021\/07\/Navicartum_Darkmode.png 1080w, https:\/\/neozoa-entertainment.com\/wp-content\/uploads\/2021\/07\/Navicartum_Darkmode-169x300.png 169w, https:\/\/neozoa-entertainment.com\/wp-content\/uploads\/2021\/07\/Navicartum_Darkmode-576x1024.png 576w, https:\/\/neozoa-entertainment.com\/wp-content\/uploads\/2021\/07\/Navicartum_Darkmode-768x1365.png 768w, https:\/\/neozoa-entertainment.com\/wp-content\/uploads\/2021\/07\/Navicartum_Darkmode-864x1536.png 864w, https:\/\/neozoa-entertainment.com\/wp-content\/uploads\/2021\/07\/Navicartum_Darkmode-7x12.png 7w\" sizes=\"auto, (max-width: 1080px) 100vw, 1080px\" \/><\/td><td><\/td><td><\/td><\/tr><\/tbody><\/table><\/figure>\n\n\n\n<h3 class=\"wp-block-heading\">Pics<\/h3>\n\n\n\n<figure class=\"wp-block-table\"><table><tbody><tr><td><img loading=\"lazy\" decoding=\"async\" width=\"450\" height=\"323\" class=\"wp-image-282\" style=\"width: 450px;\" src=\"https:\/\/neozoa-entertainment.com\/wp-content\/uploads\/2022\/10\/Dev-at-work-scaled.jpg\" alt=\"\" srcset=\"https:\/\/neozoa-entertainment.com\/wp-content\/uploads\/2022\/10\/Dev-at-work-scaled.jpg 2560w, https:\/\/neozoa-entertainment.com\/wp-content\/uploads\/2022\/10\/Dev-at-work-300x215.jpg 300w, https:\/\/neozoa-entertainment.com\/wp-content\/uploads\/2022\/10\/Dev-at-work-1024x735.jpg 1024w, https:\/\/neozoa-entertainment.com\/wp-content\/uploads\/2022\/10\/Dev-at-work-768x551.jpg 768w, https:\/\/neozoa-entertainment.com\/wp-content\/uploads\/2022\/10\/Dev-at-work-1536x1102.jpg 1536w, https:\/\/neozoa-entertainment.com\/wp-content\/uploads\/2022\/10\/Dev-at-work-2048x1469.jpg 2048w, https:\/\/neozoa-entertainment.com\/wp-content\/uploads\/2022\/10\/Dev-at-work-18x12.jpg 18w\" sizes=\"auto, (max-width: 450px) 100vw, 450px\" \/><\/td><td><img loading=\"lazy\" decoding=\"async\" width=\"450\" height=\"303\" class=\"wp-image-284\" style=\"width: 450px;\" src=\"https:\/\/neozoa-entertainment.com\/wp-content\/uploads\/2022\/10\/AtWorkplace-scaled.jpg\" alt=\"\" srcset=\"https:\/\/neozoa-entertainment.com\/wp-content\/uploads\/2022\/10\/AtWorkplace-scaled.jpg 2560w, https:\/\/neozoa-entertainment.com\/wp-content\/uploads\/2022\/10\/AtWorkplace-300x202.jpg 300w, https:\/\/neozoa-entertainment.com\/wp-content\/uploads\/2022\/10\/AtWorkplace-1024x689.jpg 1024w, https:\/\/neozoa-entertainment.com\/wp-content\/uploads\/2022\/10\/AtWorkplace-768x517.jpg 768w, https:\/\/neozoa-entertainment.com\/wp-content\/uploads\/2022\/10\/AtWorkplace-1536x1033.jpg 1536w, https:\/\/neozoa-entertainment.com\/wp-content\/uploads\/2022\/10\/AtWorkplace-2048x1378.jpg 2048w, https:\/\/neozoa-entertainment.com\/wp-content\/uploads\/2022\/10\/AtWorkplace-18x12.jpg 18w\" sizes=\"auto, (max-width: 450px) 100vw, 450px\" \/><\/td><\/tr><tr><td><img loading=\"lazy\" decoding=\"async\" width=\"450\" height=\"300\" class=\"wp-image-283\" style=\"width: 450px;\" src=\"https:\/\/neozoa-entertainment.com\/wp-content\/uploads\/2022\/10\/caught-scaled.jpg\" alt=\"\" srcset=\"https:\/\/neozoa-entertainment.com\/wp-content\/uploads\/2022\/10\/caught-scaled.jpg 2560w, https:\/\/neozoa-entertainment.com\/wp-content\/uploads\/2022\/10\/caught-300x200.jpg 300w, https:\/\/neozoa-entertainment.com\/wp-content\/uploads\/2022\/10\/caught-1024x683.jpg 1024w, https:\/\/neozoa-entertainment.com\/wp-content\/uploads\/2022\/10\/caught-768x512.jpg 768w, https:\/\/neozoa-entertainment.com\/wp-content\/uploads\/2022\/10\/caught-1536x1024.jpg 1536w, https:\/\/neozoa-entertainment.com\/wp-content\/uploads\/2022\/10\/caught-2048x1365.jpg 2048w, https:\/\/neozoa-entertainment.com\/wp-content\/uploads\/2022\/10\/caught-18x12.jpg 18w\" sizes=\"auto, (max-width: 450px) 100vw, 450px\" \/><\/td><td><img decoding=\"async\" src=\"https:\/\/neozoa-entertainment.com\/wp-content\/uploads\/2022\/10\/Reading-scaled.jpg\" alt=\"\" style=\"width: 450px;\"><\/td><\/tr><\/tbody><\/table><\/figure>\n\n\n\n<p>Alle Materialien auf dieser Seite d\u00fcrfen f\u00fcr die Kommunikation (einschlie\u00dflich direkter Kommunikation, sozialer Medien, Presse online und offline) in Bezug auf Neozoa Entertainment und \/ oder ihre Aktivit\u00e4ten und \/ oder Produkte oder geplanten Produkte verwendet werden.<\/p>","protected":false},"excerpt":{"rendered":"<p>Neozoa Entertainment Games &#8211; Coming soon! Apps &#8211; Navicartum Pics All material on this page may be used for communications (including direct communication, social media, press online and offline) regarding Neozoa Entertainment and \/ or its activites and \/ or products or planned products.<\/p>","protected":false},"author":1,"featured_media":0,"parent":0,"menu_order":0,"comment_status":"closed","ping_status":"closed","template":"","meta":{"_uag_custom_page_level_css":"","site-sidebar-layout":"default","site-content-layout":"","ast-site-content-layout":"default","site-content-style":"default","site-sidebar-style":"default","ast-global-header-display":"","ast-banner-title-visibility":"","ast-main-header-display":"","ast-hfb-above-header-display":"","ast-hfb-below-header-display":"","ast-hfb-mobile-header-display":"","site-post-title":"","ast-breadcrumbs-content":"","ast-featured-img":"","footer-sml-layout":"","ast-disable-related-posts":"","theme-transparent-header-meta":"","adv-header-id-meta":"","stick-header-meta":"","header-above-stick-meta":"","header-main-stick-meta":"","header-below-stick-meta":"","astra-migrate-meta-layouts":"set","ast-page-background-enabled":"default","ast-page-background-meta":{"desktop":{"background-color":"var(--ast-global-color-4)","background-image":"","background-repeat":"repeat","background-position":"center center","background-size":"auto","background-attachment":"scroll","background-type":"","background-media":"","overlay-type":"","overlay-color":"","overlay-opacity":"","overlay-gradient":""},"tablet":{"background-color":"","background-image":"","background-repeat":"repeat","background-position":"center center","background-size":"auto","background-attachment":"scroll","background-type":"","background-media":"","overlay-type":"","overlay-color":"","overlay-opacity":"","overlay-gradient":""},"mobile":{"background-color":"","background-image":"","background-repeat":"repeat","background-position":"center center","background-size":"auto","background-attachment":"scroll","background-type":"","background-media":"","overlay-type":"","overlay-color":"","overlay-opacity":"","overlay-gradient":""}},"ast-content-background-meta":{"desktop":{"background-color":"var(--ast-global-color-5)","background-image":"","background-repeat":"repeat","background-position":"center center","background-size":"auto","background-attachment":"scroll","background-type":"","background-media":"","overlay-type":"","overlay-color":"","overlay-opacity":"","overlay-gradient":""},"tablet":{"background-color":"var(--ast-global-color-5)","background-image":"","background-repeat":"repeat","background-position":"center center","background-size":"auto","background-attachment":"scroll","background-type":"","background-media":"","overlay-type":"","overlay-color":"","overlay-opacity":"","overlay-gradient":""},"mobile":{"background-color":"var(--ast-global-color-5)","background-image":"","background-repeat":"repeat","background-position":"center center","background-size":"auto","background-attachment":"scroll","background-type":"","background-media":"","overlay-type":"","overlay-color":"","overlay-opacity":"","overlay-gradient":""}},"footnotes":""},"class_list":["post-112","page","type-page","status-publish","hentry"],"uagb_featured_image_src":{"full":false,"thumbnail":false,"medium":false,"medium_large":false,"large":false,"1536x1536":false,"2048x2048":false,"trp-custom-language-flag":false},"uagb_author_info":{"display_name":"admin","author_link":"https:\/\/neozoa-entertainment.com\/de\/author\/admin\/"},"uagb_comment_info":0,"uagb_excerpt":"Neozoa Entertainment Games &#8211; Coming soon! Apps &#8211; Navicartum Pics All material on this page may be used for communications (including direct communication, social media, press online and offline) regarding Neozoa Entertainment and \/ or its activites and \/ or products or planned products.","_links":{"self":[{"href":"https:\/\/neozoa-entertainment.com\/de\/wp-json\/wp\/v2\/pages\/112","targetHints":{"allow":["GET"]}}],"collection":[{"href":"https:\/\/neozoa-entertainment.com\/de\/wp-json\/wp\/v2\/pages"}],"about":[{"href":"https:\/\/neozoa-entertainment.com\/de\/wp-json\/wp\/v2\/types\/page"}],"author":[{"embeddable":true,"href":"https:\/\/neozoa-entertainment.com\/de\/wp-json\/wp\/v2\/users\/1"}],"replies":[{"embeddable":true,"href":"https:\/\/neozoa-entertainment.com\/de\/wp-json\/wp\/v2\/comments?post=112"}],"version-history":[{"count":7,"href":"https:\/\/neozoa-entertainment.com\/de\/wp-json\/wp\/v2\/pages\/112\/revisions"}],"predecessor-version":[{"id":914,"href":"https:\/\/neozoa-entertainment.com\/de\/wp-json\/wp\/v2\/pages\/112\/revisions\/914"}],"wp:attachment":[{"href":"https:\/\/neozoa-entertainment.com\/de\/wp-json\/wp\/v2\/media?parent=112"}],"curies":[{"name":"wp","href":"https:\/\/api.w.org\/{rel}","templated":true}]}}