{"id":300,"date":"2022-10-18T07:30:50","date_gmt":"2022-10-18T07:30:50","guid":{"rendered":"https:\/\/neozoa-entertainment.com\/?page_id=300"},"modified":"2022-10-18T07:36:50","modified_gmt":"2022-10-18T07:36:50","slug":"non-disclosure-agreement-betatester","status":"publish","type":"page","link":"https:\/\/neozoa-entertainment.com\/de\/non-disclosure-agreement-betatester\/","title":{"rendered":"Geheimhaltungsvereinbarung Betatester"},"content":{"rendered":"<p>Durch die Registrierung als Betatester f\u00fcr Neozoa Entertainment (Discloser) stimmt der Empf\u00e4nger (Betatester) dieser einseitigen Geheimhaltungsvereinbarung (NDA) zu.<\/p>\n\n\n\n<ol class=\"wp-block-list\"><li>Der Offenlegende beabsichtigt, Informationen (die vertraulichen Informationen) an den Empf\u00e4nger weiterzugeben, um Apps und\/oder App-Releases vor ihrer offiziellen Ver\u00f6ffentlichung zu testen (der Zweck).<\/li><li>Der Empf\u00e4nger verpflichtet sich, die vertraulichen Informationen nicht f\u00fcr andere Zwecke als den Zweck zu verwenden, ohne zuvor die schriftliche Zustimmung des Offenlegers einzuholen.<\/li><li>Der Empf\u00e4nger verpflichtet sich, die vertraulichen Informationen sicher aufzubewahren und sie nicht an Dritte weiterzugeben, die keine vorherige Kenntnis der vertraulichen Informationen haben.<\/li><li>Die Verpflichtungen in den obigen Klauseln 2 und 3 gelten f\u00fcr alle Informationen, die der Offenlegende dem Empf\u00e4nger offenlegt, unabh\u00e4ngig von der Art oder Form, in der sie offengelegt oder aufgezeichnet werden, aber sie gelten nicht f\u00fcr:<br>a) alle Informationen, die \u00f6ffentlich zug\u00e4nglich sind oder in Zukunft werden (es sei denn als Folge eines Versto\u00dfes gegen diese Vereinbarung); oder<br>b) alle Informationen, die dem Empf\u00e4nger bereits bekannt sind und die keiner Geheimhaltungspflicht unterlagen, bevor sie dem Empf\u00e4nger durch den Offenlegenden mitgeteilt wurden.<\/li><li>Nichts in dieser Vereinbarung hindert den Empf\u00e4nger daran, vertrauliche Informationen offenzulegen, die gesetzlich oder von einer zust\u00e4ndigen Beh\u00f6rde verlangt werden.<\/li><li>Der Empf\u00e4nger wird auf Anfrage des Offenlegenden alle Kopien und Aufzeichnungen der vertraulichen Informationen an den Offenlegenden zur\u00fcckgeben und keine Kopien oder Aufzeichnungen der vertraulichen Informationen zur\u00fcckbehalten.<\/li><li>Weder diese Vereinbarung noch die Bereitstellung von Informationen gew\u00e4hren dem Empf\u00e4nger eine Lizenz, ein Interesse oder ein Recht in Bezug auf geistige Eigentumsrechte des Offenlegers, mit Ausnahme des Rechts, die vertraulichen Informationen ausschlie\u00dflich f\u00fcr den Zweck zu kopieren.<\/li><\/ol>","protected":false},"excerpt":{"rendered":"<p>By registering as a beta tester for Neozoa Entertainment (Discloser), the recipient (beta tester) agrees to this one-way Non-Disclosure Agreement (NDA). The Discloser intends to disclose information (the Confidential Information) to the Recipient for the purpose of testing apps and \/ or app releases prior to their official release (the Purpose). The Recipient undertakes not [&hellip;]<\/p>\n","protected":false},"author":1,"featured_media":0,"parent":0,"menu_order":0,"comment_status":"closed","ping_status":"closed","template":"","meta":{"_uag_custom_page_level_css":"","site-sidebar-layout":"default","site-content-layout":"","ast-site-content-layout":"default","site-content-style":"default","site-sidebar-style":"default","ast-global-header-display":"","ast-banner-title-visibility":"","ast-main-header-display":"","ast-hfb-above-header-display":"","ast-hfb-below-header-display":"","ast-hfb-mobile-header-display":"","site-post-title":"","ast-breadcrumbs-content":"","ast-featured-img":"","footer-sml-layout":"","ast-disable-related-posts":"","theme-transparent-header-meta":"","adv-header-id-meta":"","stick-header-meta":"","header-above-stick-meta":"","header-main-stick-meta":"","header-below-stick-meta":"","astra-migrate-meta-layouts":"default","ast-page-background-enabled":"default","ast-page-background-meta":{"desktop":{"background-color":"var(--ast-global-color-4)","background-image":"","background-repeat":"repeat","background-position":"center center","background-size":"auto","background-attachment":"scroll","background-type":"","background-media":"","overlay-type":"","overlay-color":"","overlay-opacity":"","overlay-gradient":""},"tablet":{"background-color":"","background-image":"","background-repeat":"repeat","background-position":"center center","background-size":"auto","background-attachment":"scroll","background-type":"","background-media":"","overlay-type":"","overlay-color":"","overlay-opacity":"","overlay-gradient":""},"mobile":{"background-color":"","background-image":"","background-repeat":"repeat","background-position":"center center","background-size":"auto","background-attachment":"scroll","background-type":"","background-media":"","overlay-type":"","overlay-color":"","overlay-opacity":"","overlay-gradient":""}},"ast-content-background-meta":{"desktop":{"background-color":"var(--ast-global-color-5)","background-image":"","background-repeat":"repeat","background-position":"center center","background-size":"auto","background-attachment":"scroll","background-type":"","background-media":"","overlay-type":"","overlay-color":"","overlay-opacity":"","overlay-gradient":""},"tablet":{"background-color":"var(--ast-global-color-5)","background-image":"","background-repeat":"repeat","background-position":"center center","background-size":"auto","background-attachment":"scroll","background-type":"","background-media":"","overlay-type":"","overlay-color":"","overlay-opacity":"","overlay-gradient":""},"mobile":{"background-color":"var(--ast-global-color-5)","background-image":"","background-repeat":"repeat","background-position":"center center","background-size":"auto","background-attachment":"scroll","background-type":"","background-media":"","overlay-type":"","overlay-color":"","overlay-opacity":"","overlay-gradient":""}},"footnotes":""},"class_list":["post-300","page","type-page","status-publish","hentry"],"uagb_featured_image_src":{"full":false,"thumbnail":false,"medium":false,"medium_large":false,"large":false,"1536x1536":false,"2048x2048":false,"trp-custom-language-flag":false},"uagb_author_info":{"display_name":"admin","author_link":"https:\/\/neozoa-entertainment.com\/de\/author\/admin\/"},"uagb_comment_info":0,"uagb_excerpt":"By registering as a beta tester for Neozoa Entertainment (Discloser), the recipient (beta tester) agrees to this one-way Non-Disclosure Agreement (NDA). The Discloser intends to disclose information (the Confidential Information) to the Recipient for the purpose of testing apps and \/ or app releases prior to their official release (the Purpose). The Recipient undertakes not&hellip;","_links":{"self":[{"href":"https:\/\/neozoa-entertainment.com\/de\/wp-json\/wp\/v2\/pages\/300","targetHints":{"allow":["GET"]}}],"collection":[{"href":"https:\/\/neozoa-entertainment.com\/de\/wp-json\/wp\/v2\/pages"}],"about":[{"href":"https:\/\/neozoa-entertainment.com\/de\/wp-json\/wp\/v2\/types\/page"}],"author":[{"embeddable":true,"href":"https:\/\/neozoa-entertainment.com\/de\/wp-json\/wp\/v2\/users\/1"}],"replies":[{"embeddable":true,"href":"https:\/\/neozoa-entertainment.com\/de\/wp-json\/wp\/v2\/comments?post=300"}],"version-history":[{"count":3,"href":"https:\/\/neozoa-entertainment.com\/de\/wp-json\/wp\/v2\/pages\/300\/revisions"}],"predecessor-version":[{"id":305,"href":"https:\/\/neozoa-entertainment.com\/de\/wp-json\/wp\/v2\/pages\/300\/revisions\/305"}],"wp:attachment":[{"href":"https:\/\/neozoa-entertainment.com\/de\/wp-json\/wp\/v2\/media?parent=300"}],"curies":[{"name":"wp","href":"https:\/\/api.w.org\/{rel}","templated":true}]}}