{"id":328,"date":"2022-11-15T13:13:39","date_gmt":"2022-11-15T13:13:39","guid":{"rendered":"https:\/\/neozoa-entertainment.com\/?page_id=328"},"modified":"2022-11-15T13:13:39","modified_gmt":"2022-11-15T13:13:39","slug":"privacy-policy-operation-phoenix","status":"publish","type":"page","link":"https:\/\/neozoa-entertainment.com\/de\/privacy-policy-operation-phoenix\/","title":{"rendered":"Datenschutzerkl\u00e4rung Operation Phoenix"},"content":{"rendered":"<p>Diese Datenschutzerkl\u00e4rung behandelt die Datensammlung und -nutzung der App \u201cOperation Phoenix\u201d  (im Folgenden als \u201cApp\u201d bezeichnet) entwickelt von Neozoa Entertainment, Inhaberin Amelie Eilken (im Folgenden als \u201cNeozoa Entertainment\u201d bezeichnet und mit dem Pronomen \u201cwir\u201d betitelt). Datensicherheit und damit einhergehend Ihr Vertrauen ist uns (Neozoa Entertainment) ein besonders hohes Anliegen<\/p>\n\n\n\n<p><strong>Datensammlung<\/strong><\/p>\n\n\n\n<p>Die App nutzt die IAP und Analytics Services des Drittanbieters Unity. F\u00fcr diese Services gilt die\u00a0<a href=\"https:\/\/unity3d.com\/legal\/privacy-policy?_ga=2.241660162.1414933680.1585148496-852640656.1579954563\">Datenschutzerkl\u00e4rung<\/a>\u00a0von Unity. Sie k\u00f6nnen der Nutzung ihrer Daten in den Einstellungen der App widersprechen. Alle weiteren Daten, die von der App erhoben werden, sind auf die f\u00fcr die Ausf\u00fchrung des Spiels notwendigen Daten beschr\u00e4nkt. Diese verbleiben lokal auf Ihrem Ger\u00e4t und werden bei Deinstallation der App gel\u00f6scht.<\/p>\n\n\n\n<p><strong>\u00c4nderungen in dieser Datenschutzerkl\u00e4rung<\/strong><\/p>\n\n\n\n<p>Wir behalten uns das Recht vor, diese Datenschutzerkl\u00e4rung in Zukunft zu \u00e4ndern. Bei starken \u00c4nderungen werden Sie davon von uns in Kenntnis gesetzt.<\/p>\n\n\n\n<p><\/p>","protected":false},"excerpt":{"rendered":"<p>This privacy policy states the data collection and usage of the mobile app &#8220;Operation Phoenix&#8221; (referred to as &#8220;app&#8221;) developed by Neozoa Entertainment, Inh. Amelie Eilken (referred to as &#8220;we&#8221; or &#8220;Neozoa Entertainment&#8221;). Data protection and the trust from you in us (Neozoa Entertainment) that comes with it is of a particularly high priority for [&hellip;]<\/p>\n","protected":false},"author":1,"featured_media":0,"parent":0,"menu_order":0,"comment_status":"closed","ping_status":"closed","template":"","meta":{"_uag_custom_page_level_css":"","site-sidebar-layout":"default","site-content-layout":"","ast-site-content-layout":"default","site-content-style":"default","site-sidebar-style":"default","ast-global-header-display":"","ast-banner-title-visibility":"","ast-main-header-display":"","ast-hfb-above-header-display":"","ast-hfb-below-header-display":"","ast-hfb-mobile-header-display":"","site-post-title":"","ast-breadcrumbs-content":"","ast-featured-img":"","footer-sml-layout":"","ast-disable-related-posts":"","theme-transparent-header-meta":"","adv-header-id-meta":"","stick-header-meta":"","header-above-stick-meta":"","header-main-stick-meta":"","header-below-stick-meta":"","astra-migrate-meta-layouts":"default","ast-page-background-enabled":"default","ast-page-background-meta":{"desktop":{"background-color":"var(--ast-global-color-4)","background-image":"","background-repeat":"repeat","background-position":"center center","background-size":"auto","background-attachment":"scroll","background-type":"","background-media":"","overlay-type":"","overlay-color":"","overlay-opacity":"","overlay-gradient":""},"tablet":{"background-color":"","background-image":"","background-repeat":"repeat","background-position":"center center","background-size":"auto","background-attachment":"scroll","background-type":"","background-media":"","overlay-type":"","overlay-color":"","overlay-opacity":"","overlay-gradient":""},"mobile":{"background-color":"","background-image":"","background-repeat":"repeat","background-position":"center center","background-size":"auto","background-attachment":"scroll","background-type":"","background-media":"","overlay-type":"","overlay-color":"","overlay-opacity":"","overlay-gradient":""}},"ast-content-background-meta":{"desktop":{"background-color":"var(--ast-global-color-5)","background-image":"","background-repeat":"repeat","background-position":"center center","background-size":"auto","background-attachment":"scroll","background-type":"","background-media":"","overlay-type":"","overlay-color":"","overlay-opacity":"","overlay-gradient":""},"tablet":{"background-color":"var(--ast-global-color-5)","background-image":"","background-repeat":"repeat","background-position":"center center","background-size":"auto","background-attachment":"scroll","background-type":"","background-media":"","overlay-type":"","overlay-color":"","overlay-opacity":"","overlay-gradient":""},"mobile":{"background-color":"var(--ast-global-color-5)","background-image":"","background-repeat":"repeat","background-position":"center center","background-size":"auto","background-attachment":"scroll","background-type":"","background-media":"","overlay-type":"","overlay-color":"","overlay-opacity":"","overlay-gradient":""}},"footnotes":""},"class_list":["post-328","page","type-page","status-publish","hentry"],"uagb_featured_image_src":{"full":false,"thumbnail":false,"medium":false,"medium_large":false,"large":false,"1536x1536":false,"2048x2048":false,"trp-custom-language-flag":false},"uagb_author_info":{"display_name":"admin","author_link":"https:\/\/neozoa-entertainment.com\/de\/author\/admin\/"},"uagb_comment_info":0,"uagb_excerpt":"This privacy policy states the data collection and usage of the mobile app &#8220;Operation Phoenix&#8221; (referred to as &#8220;app&#8221;) developed by Neozoa Entertainment, Inh. Amelie Eilken (referred to as &#8220;we&#8221; or &#8220;Neozoa Entertainment&#8221;). Data protection and the trust from you in us (Neozoa Entertainment) that comes with it is of a particularly high priority for&hellip;","_links":{"self":[{"href":"https:\/\/neozoa-entertainment.com\/de\/wp-json\/wp\/v2\/pages\/328","targetHints":{"allow":["GET"]}}],"collection":[{"href":"https:\/\/neozoa-entertainment.com\/de\/wp-json\/wp\/v2\/pages"}],"about":[{"href":"https:\/\/neozoa-entertainment.com\/de\/wp-json\/wp\/v2\/types\/page"}],"author":[{"embeddable":true,"href":"https:\/\/neozoa-entertainment.com\/de\/wp-json\/wp\/v2\/users\/1"}],"replies":[{"embeddable":true,"href":"https:\/\/neozoa-entertainment.com\/de\/wp-json\/wp\/v2\/comments?post=328"}],"version-history":[{"count":1,"href":"https:\/\/neozoa-entertainment.com\/de\/wp-json\/wp\/v2\/pages\/328\/revisions"}],"predecessor-version":[{"id":329,"href":"https:\/\/neozoa-entertainment.com\/de\/wp-json\/wp\/v2\/pages\/328\/revisions\/329"}],"wp:attachment":[{"href":"https:\/\/neozoa-entertainment.com\/de\/wp-json\/wp\/v2\/media?parent=328"}],"curies":[{"name":"wp","href":"https:\/\/api.w.org\/{rel}","templated":true}]}}