{"id":367,"date":"2022-10-17T07:03:13","date_gmt":"2022-10-17T07:03:13","guid":{"rendered":"https:\/\/neozoa-entertainment.com\/home-2\/"},"modified":"2025-10-13T09:51:21","modified_gmt":"2025-10-13T09:51:21","slug":"home-2","status":"publish","type":"page","link":"https:\/\/neozoa-entertainment.com\/de\/","title":{"rendered":"Home"},"content":{"rendered":"<div class=\"wp-block-uagb-container uagb-block-344bf4c5 alignfull uagb-is-root-container\">\n<div class=\"wp-block-uagb-advanced-heading uagb-block-b01c0e20\"><h1 class=\"uagb-heading-text\">Neozoa Entertainment\u200b<\/h1><\/div>\n\n\n\n<div class=\"wp-block-uagb-info-box uagb-block-c5e26958 uagb-infobox__content-wrap  uagb-infobox-icon-above-title uagb-infobox-image-valign-top\"><div class=\"uagb-ifb-content\"><div class=\"uagb-ifb-title-wrap\"><h3 class=\"uagb-ifb-title\">GROSSE ZIELE<\/h3><\/div><div class=\"uagb-ifb-button-wrapper wp-block-button\"><a href=\"https:\/\/neozoa-entertainment.com\/de\/betatester-registration\/\" class=\"uagb-infobox-cta-link wp-block-button__link\" target=\"_self\" rel=\"noopener noreferrer\" onclick=\"return true;\"><span class=\"uagb-inline-editing\">TRAGE BEI<\/span><\/a><\/div><\/div><\/div>\n<\/div>\n\n\n\n<div class=\"wp-block-uagb-container uagb-block-c93ddd66 alignfull uagb-is-root-container\"><div class=\"uagb-container-inner-blocks-wrap\">\n<div class=\"wp-block-uagb-container uagb-block-19ed810f\">\n<div class=\"wp-block-uagb-info-box uagb-block-8b5fbd53 uagb-infobox__content-wrap  uagb-infobox-icon-above-title uagb-infobox-image-valign-top\"><div class=\"uagb-ifb-content\"><div class=\"uagb-ifb-title-wrap\"><h2 class=\"uagb-ifb-title\">\u00dcBER UNS<\/h2><\/div><p class=\"uagb-ifb-desc\">Innovative Spiele mit klugen Algorithmen und breitgef\u00e4chertem Spezialwissen unter der Haube. I kann es nicht erwarten, meine Leidenschaft f\u00fcr Innovation und Unterhaltung mit dir zu teilen - und ich habe keine Angst, gro\u00df zu denken...<\/p><\/div><\/div>\n<\/div>\n\n\n\n<div class=\"wp-block-uagb-container uagb-block-1ecbc396\">\n<div class=\"wp-block-uagb-image uagb-block-0d4b1541 wp-block-uagb-image--layout-default wp-block-uagb-image--effect-static wp-block-uagb-image--align-none\"><figure class=\"wp-block-uagb-image__figure\"><img decoding=\"async\" srcset=\"https:\/\/neozoa-entertainment.com\/wp-content\/uploads\/2025\/10\/Logo_Neozoa_Square2-300x300.png ,https:\/\/neozoa-entertainment.com\/wp-content\/uploads\/2025\/10\/Logo_Neozoa_Square2.png 780w, https:\/\/neozoa-entertainment.com\/wp-content\/uploads\/2025\/10\/Logo_Neozoa_Square2.png 360w\" sizes=\"auto, (max-width: 480px) 150px\" src=\"https:\/\/neozoa-entertainment.com\/wp-content\/uploads\/2025\/10\/Logo_Neozoa_Square2-300x300.png\" alt=\"\" class=\"uag-image-924\" width=\"300\" height=\"300\" title=\"Logo_Neozoa_Square2\" loading=\"lazy\" role=\"img\"\/><\/figure><\/div>\n<\/div>\n<\/div><\/div>\n\n\n\n<div class=\"wp-block-uagb-container uagb-block-40e14df1 alignfull uagb-is-root-container\"><div class=\"uagb-container-inner-blocks-wrap\">\n<div class=\"wp-block-uagb-container uagb-block-aaf831fd\">\n<div class=\"wp-block-uagb-info-box uagb-block-bfde9e54 uagb-infobox__content-wrap  uagb-infobox-icon-above-title uagb-infobox-image-valign-top\"><div class=\"uagb-ifb-content\"><div class=\"uagb-ifb-image-content\"><img decoding=\"async\" src=\"https:\/\/neozoa-entertainment.com\/wp-content\/uploads\/2024\/04\/neozoa-algorithms.png\" alt=\"\" width=\"100\" height=\"132\" loading=\"lazy\"\/><\/div><div class=\"uagb-ifb-title-wrap\"><h4 class=\"uagb-ifb-title\">Kluge Algorithmen<\/h4><\/div><p class=\"uagb-ifb-desc\">Bei mir ist das kein Buzzwordbingo. Meine Spiele werden von Algorithmen angetrieben, die von verschiedenen K\u00fcnsten und Wissenschaften inspiriert sind, und bieten dir nicht-allt\u00e4gliche Unterhaltung.<\/p><\/div><\/div>\n<\/div>\n\n\n\n<div class=\"wp-block-uagb-container uagb-block-0dd2980a\">\n<div class=\"wp-block-uagb-info-box uagb-block-304b7ae9 uagb-infobox__content-wrap  uagb-infobox-icon-above-title uagb-infobox-image-valign-top\"><div class=\"uagb-ifb-content\"><div class=\"uagb-ifb-image-content\"><img decoding=\"async\" src=\"https:\/\/neozoa-entertainment.com\/wp-content\/uploads\/2024\/04\/neozoa-cross-platform.png\" alt=\"\" width=\"100\" height=\"132\" loading=\"lazy\"\/><\/div><div class=\"uagb-ifb-title-wrap\"><h4 class=\"uagb-ifb-title\">Plattform\u00fcbergreifender Spa\u00df<\/h4><\/div><p class=\"uagb-ifb-desc\">Egal, ob du auf einem Computer, Telefon oder Tablet spielst, Neozoa Entertainment ist hier, um dich zu unterhalten. Ich habe etwas f\u00fcr jeden und viel f\u00fcr alle zusammen geplant!<\/p><\/div><\/div>\n<\/div>\n\n\n\n<div class=\"wp-block-uagb-container uagb-block-a70e577c\">\n<div class=\"wp-block-uagb-info-box uagb-block-4f9d2b4e uagb-infobox__content-wrap  uagb-infobox-icon-above-title uagb-infobox-image-valign-top\"><div class=\"uagb-ifb-content\"><div class=\"uagb-ifb-image-content\"><img decoding=\"async\" src=\"https:\/\/neozoa-entertainment.com\/wp-content\/uploads\/2024\/04\/neozoa-universes.png\" alt=\"\" width=\"100\" height=\"132\" loading=\"lazy\"\/><\/div><div class=\"uagb-ifb-title-wrap\"><h4 class=\"uagb-ifb-title\"><strong>Fesselnde Welten<\/strong><\/h4><\/div><p class=\"uagb-ifb-desc\">Mach dich bereit, faszinierende Welten zu erkunden, die vertraute Elemente mit einzigartigen Wendungen verbinden \u2013 und so Erlebnisse schaffen, die sich von der Masse abheben. Freue dich auf konsistente Universen mit Tiefe und liebevoller Sorgfalt.<\/p><\/div><\/div>\n<\/div>\n<\/div><\/div>\n\n\n\n<div class=\"wp-block-uagb-container uagb-block-3910331a alignfull uagb-is-root-container\"><div class=\"uagb-container-inner-blocks-wrap\">\n<div class=\"wp-block-uagb-call-to-action uagb-block-a7e0f6aa wp-block-button\"><div class=\"uagb-cta__wrap\"><h2 class=\"uagb-cta__title\">NIMM KONTAKT AUF<\/h2><p class=\"uagb-cta__desc\"><strong>Hast du Fragen? Ich bin immer offen f\u00fcr ein Gespr\u00e4ch \u2013 neue Projekte, kreative M\u00f6glichkeiten und alles andere, was dir durch den Kopf geht.<\/strong><\/p><\/div><div class=\"uagb-cta__buttons\"><a href=\"https:\/\/neozoa-entertainment.com\/de\/contact\/\" class=\"uagb-cta__button-link-wrapper wp-block-button__link\" target=\"_self\" rel=\"noopener noreferrer\">LOS<\/a><\/div><\/div>\n<\/div><\/div>","protected":false},"excerpt":{"rendered":"<p>Neozoa Entertainment\u200b<\/p>","protected":false},"author":1,"featured_media":0,"parent":0,"menu_order":0,"comment_status":"closed","ping_status":"closed","template":"","meta":{"_uag_custom_page_level_css":"","site-sidebar-layout":"default","site-content-layout":"page-builder","ast-site-content-layout":"full-width-container","site-content-style":"unboxed","site-sidebar-style":"unboxed","ast-global-header-display":"","ast-banner-title-visibility":"","ast-main-header-display":"","ast-hfb-above-header-display":"","ast-hfb-below-header-display":"","ast-hfb-mobile-header-display":"","site-post-title":"disabled","ast-breadcrumbs-content":"","ast-featured-img":"","footer-sml-layout":"","ast-disable-related-posts":"","theme-transparent-header-meta":"enabled","adv-header-id-meta":"","stick-header-meta":"","header-above-stick-meta":"","header-main-stick-meta":"","header-below-stick-meta":"","astra-migrate-meta-layouts":"set","ast-page-background-enabled":"default","ast-page-background-meta":{"desktop":{"background-color":"var(--ast-global-color-4)","background-image":"","background-repeat":"repeat","background-position":"center center","background-size":"auto","background-attachment":"scroll","background-type":"","background-media":"","overlay-type":"","overlay-color":"","overlay-opacity":"","overlay-gradient":""},"tablet":{"background-color":"","background-image":"","background-repeat":"repeat","background-position":"center center","background-size":"auto","background-attachment":"scroll","background-type":"","background-media":"","overlay-type":"","overlay-color":"","overlay-opacity":"","overlay-gradient":""},"mobile":{"background-color":"","background-image":"","background-repeat":"repeat","background-position":"center center","background-size":"auto","background-attachment":"scroll","background-type":"","background-media":"","overlay-type":"","overlay-color":"","overlay-opacity":"","overlay-gradient":""}},"ast-content-background-meta":{"desktop":{"background-color":"var(--ast-global-color-5)","background-image":"","background-repeat":"repeat","background-position":"center center","background-size":"auto","background-attachment":"scroll","background-type":"","background-media":"","overlay-type":"","overlay-color":"","overlay-opacity":"","overlay-gradient":""},"tablet":{"background-color":"var(--ast-global-color-5)","background-image":"","background-repeat":"repeat","background-position":"center center","background-size":"auto","background-attachment":"scroll","background-type":"","background-media":"","overlay-type":"","overlay-color":"","overlay-opacity":"","overlay-gradient":""},"mobile":{"background-color":"var(--ast-global-color-5)","background-image":"","background-repeat":"repeat","background-position":"center center","background-size":"auto","background-attachment":"scroll","background-type":"","background-media":"","overlay-type":"","overlay-color":"","overlay-opacity":"","overlay-gradient":""}},"footnotes":""},"class_list":["post-367","page","type-page","status-publish","hentry"],"uagb_featured_image_src":{"full":false,"thumbnail":false,"medium":false,"medium_large":false,"large":false,"1536x1536":false,"2048x2048":false,"trp-custom-language-flag":false},"uagb_author_info":{"display_name":"admin","author_link":"https:\/\/neozoa-entertainment.com\/de\/author\/admin\/"},"uagb_comment_info":0,"uagb_excerpt":"Neozoa Entertainment\u200b","_links":{"self":[{"href":"https:\/\/neozoa-entertainment.com\/de\/wp-json\/wp\/v2\/pages\/367","targetHints":{"allow":["GET"]}}],"collection":[{"href":"https:\/\/neozoa-entertainment.com\/de\/wp-json\/wp\/v2\/pages"}],"about":[{"href":"https:\/\/neozoa-entertainment.com\/de\/wp-json\/wp\/v2\/types\/page"}],"author":[{"embeddable":true,"href":"https:\/\/neozoa-entertainment.com\/de\/wp-json\/wp\/v2\/users\/1"}],"replies":[{"embeddable":true,"href":"https:\/\/neozoa-entertainment.com\/de\/wp-json\/wp\/v2\/comments?post=367"}],"version-history":[{"count":10,"href":"https:\/\/neozoa-entertainment.com\/de\/wp-json\/wp\/v2\/pages\/367\/revisions"}],"predecessor-version":[{"id":925,"href":"https:\/\/neozoa-entertainment.com\/de\/wp-json\/wp\/v2\/pages\/367\/revisions\/925"}],"wp:attachment":[{"href":"https:\/\/neozoa-entertainment.com\/de\/wp-json\/wp\/v2\/media?parent=367"}],"curies":[{"name":"wp","href":"https:\/\/api.w.org\/{rel}","templated":true}]}}