{"id":57,"date":"2021-07-06T19:36:27","date_gmt":"2021-07-06T19:36:27","guid":{"rendered":"http:\/\/neozoa-entertainment.com\/?page_id=57"},"modified":"2024-04-04T11:49:13","modified_gmt":"2024-04-04T11:49:13","slug":"team","status":"publish","type":"page","link":"https:\/\/neozoa-entertainment.com\/de\/team\/","title":{"rendered":"Team"},"content":{"rendered":"<p>The\u00a0team\u00a0behind\u00a0Neozoa Entertainment! Admittedly, &#8220;team&#8221; is here an euphemism &#8211; Neozoa Entertainment is as of now and in the foreseeable future only me, Amelie. So I am prepared to\u00a0fulfill all\u00a0roles necessary for game development in general and Neozoa Entertainment with its focus on intelligent algorithms more particularly. Fortunately my CV is &#8211; despite\u00a0my age &#8211; already a bit of an interesting read with a rather\u00a0diverse list of\u00a0items on it\u00a0which allowed me to gather experience in most fields required. And on the remaining parts.. well, everything is new to us at some point in time and then waiting to be learned and I&#8217;m most ready to dig in and do so!\u00a0<\/p>\n\n\n\n<figure class=\"wp-block-table is-style-stripes\"><table><tbody><tr><td><img decoding=\"async\" src=\"https:\/\/neozoa-entertainment.com\/wp-content\/uploads\/2024\/04\/academic.jpg\" alt=\"\"><\/td><td>Die Wissenschaftlerin - definitiv eine Funktion, mit der ich mich identifizieren kann. Mit einem Doktortitel in Operations Research, zwei Diploma (Mathematik und Wirtschaftsmathematik) und einem Master of Science (in praktischer Informatik) bereits in der Tasche und einem weiteren Master of Arts (in Games) fast fertig habe ich die wohl meiste Zeit seit meinem Abi sehr erfolgreich an und in Universit\u00e4ten verbracht. Und das angeh\u00e4ufte Wissen konzentriert sich nicht nur auf den Fokusbereich meiner Studien (zuerst die reine Mathematik und sp\u00e4ter die Algorithmik), sondern liegt auch viel ab vom Weg in den Naturwissenschaften und den Gesellschaftswissenschaften. Universit\u00e4tsbibliotheken machen einfach gl\u00fccklich...<\/td><\/tr><tr><td><img decoding=\"async\" class=\"wp-image-91\" style=\"width: 150px;\" src=\"https:\/\/neozoa-entertainment.com\/wp-content\/uploads\/2024\/04\/GameDesigner.jpg\" alt=\"\"><\/td><td>Die Spieledesignerin - eine Funktion, in und mit der ich sehr gl\u00fccklich bin - sonst w\u00e4re der Schritt in die Spieleentwicklung wohl der falsche Weg gewesen ;) Viele Ideen, komplett neu oder Adaptionen von bekanntem, verbunden mit Theorie und Wissenschaft zum Spieledesign warten darauf, f\u00fcr Euch umgesetzt zu werden und Euch zu unterhalten. Mein kleines schwarzes B\u00fcchlein ist voller Spielideen und -pl\u00e4ne, die mich und (nach ihrer Umsetzung und Ver\u00f6ffentlichung) sicherlich auch Euch f\u00fcr Jahre gl\u00fccklich besch\u00e4ftigen werden. Viele Spielwelten und -konzepte - neue und altbekannte mit neuem Twist - warten darauf, entwickelt, belebt und bespielt zu werden. Interessiert? Mehr zum ersten Spiel folgt in K\u00fcrze.<\/td><\/tr><tr><td><img decoding=\"async\" class=\"wp-image-89\" style=\"width: 150px;\" src=\"https:\/\/neozoa-entertainment.com\/wp-content\/uploads\/2024\/04\/dev.jpg\" alt=\"\"><\/td><td>Die Programmierin - wieder eine Funktion, die f\u00fcr mich auch vom bisherigen Werdegang her nativ ist. Seit dem Beginn meines Diplomstudiums wollte in jeder Rolle etwas programmiert werden -  w\u00e4hrend des Diplomstudiums in C f\u00fcr Mathematik, in Java und Matlab f\u00fcr Wirtschaftsmathematik, in der Freizeit viel C++, danach im Beruf ABAP, Python, R und Java, f\u00fcr das Doktorandenstudium C++. Und viel C#. Ist gerade f\u00fcr mich auch Lieblingssprache - so ist es wohl nicht verwunderlich, dass die im Hintergrund laufenden Algorithmen in C++ umgesetzt sind ;) Aber (fast) jede Sprache hat so ihre Vorz\u00fcge und ich w\u00fcrde nicht den Fehler machen, meine M\u00f6glichkeiten hier zu einzuschr\u00e4nken. <\/td><\/tr><tr><td><img decoding=\"async\" class=\"wp-image-90\" style=\"width: 150px;\" src=\"https:\/\/neozoa-entertainment.com\/wp-content\/uploads\/2024\/04\/artist.jpg\" alt=\"\"><\/td><td>Die Kreative - zusammengefasst f\u00fcr alle anstehenden handwerklich-kreativen Aufgaben und damit zugegebenerma\u00dfen eine Rolle, in die ich noch reinwachsen darf. Man soll ja ehrlich sein. Das gesagt tue ich mein Bestes f\u00fcr Grafiken und Logos, 3D-Modelle und Animationen. Vielleicht mit mehr Improvisation als in den anderen Teilbereichen, aber es ist wie's ist. In anderen, manuell-handwerklichen Bereichen wie dem N\u00e4hen oder Cosplay klappt das (verbunden mit Grundlagenwissen und Erfahrung) jedenfalls recht gut...<\/td><\/tr><tr><td><img decoding=\"async\" class=\"wp-image-92\" style=\"width: 150px;\" src=\"https:\/\/neozoa-entertainment.com\/wp-content\/uploads\/2024\/04\/Manager.jpg\" alt=\"\"><\/td><td>Die BWLerin - mit einem Studium, das fast h\u00e4lftig aus Wirtschaftswissenschaften besteht, einem Doktortitel, der offiziell BWL ist und zweieinhalb Jahren Berufserfahrung in der Unternehmensberatung (davon ein Jahr Strategieberatung mit den ganz Gro\u00dfen) sollte das zu schaffen sein. Und auch wenn zugegebenerma\u00dfen vor Allem die Inhalte, die eher in die Funktion \"Wissenschaftlerin\" fallen, noch vivant im Ged\u00e4chtnis sind, so sind auch die eher praxisnahen Inhalte noch irgendwo *Bilanzierungswissen rauskram*<\/td><\/tr><\/tbody><\/table><\/figure>\n\n\n\n<p>That&#8217;s&nbsp;it for me and on me right now and here &#8211; but there&#8217;s more elsewhere, if you care to know:&nbsp;social media for Neozoa Entertainment news and events (<a href=\"https:\/\/www.facebook.com\/NeozoaGames\">Facebook<\/a> oder <a href=\"https:\/\/www.instagram.com\/neozoaentertainment\/\">Instagram<\/a>) and&nbsp;my personal&nbsp;<a href=\"https:\/\/www.instagram.com\/amelieeilken\/\">Instagram<\/a>&nbsp;f\u00fcr Bilder, Cosplays, Events und mehr..<\/p>","protected":false},"excerpt":{"rendered":"<p>The\u00a0team\u00a0behind\u00a0Neozoa Entertainment! Admittedly, &#8220;team&#8221; is here an euphemism &#8211; Neozoa Entertainment is as of now and in the foreseeable future only me, Amelie. So I am prepared to\u00a0fulfill all\u00a0roles necessary for game development in general and Neozoa Entertainment with its focus on intelligent algorithms more particularly. Fortunately my CV is &#8211; despite\u00a0my age &#8211; already [&hellip;]<\/p>\n","protected":false},"author":1,"featured_media":0,"parent":0,"menu_order":0,"comment_status":"closed","ping_status":"closed","template":"","meta":{"_uag_custom_page_level_css":"","site-sidebar-layout":"default","site-content-layout":"","ast-site-content-layout":"default","site-content-style":"default","site-sidebar-style":"default","ast-global-header-display":"","ast-banner-title-visibility":"","ast-main-header-display":"","ast-hfb-above-header-display":"","ast-hfb-below-header-display":"","ast-hfb-mobile-header-display":"","site-post-title":"","ast-breadcrumbs-content":"","ast-featured-img":"","footer-sml-layout":"","ast-disable-related-posts":"","theme-transparent-header-meta":"","adv-header-id-meta":"","stick-header-meta":"","header-above-stick-meta":"","header-main-stick-meta":"","header-below-stick-meta":"","astra-migrate-meta-layouts":"set","ast-page-background-enabled":"default","ast-page-background-meta":{"desktop":{"background-color":"var(--ast-global-color-4)","background-image":"","background-repeat":"repeat","background-position":"center center","background-size":"auto","background-attachment":"scroll","background-type":"","background-media":"","overlay-type":"","overlay-color":"","overlay-opacity":"","overlay-gradient":""},"tablet":{"background-color":"","background-image":"","background-repeat":"repeat","background-position":"center center","background-size":"auto","background-attachment":"scroll","background-type":"","background-media":"","overlay-type":"","overlay-color":"","overlay-opacity":"","overlay-gradient":""},"mobile":{"background-color":"","background-image":"","background-repeat":"repeat","background-position":"center center","background-size":"auto","background-attachment":"scroll","background-type":"","background-media":"","overlay-type":"","overlay-color":"","overlay-opacity":"","overlay-gradient":""}},"ast-content-background-meta":{"desktop":{"background-color":"var(--ast-global-color-5)","background-image":"","background-repeat":"repeat","background-position":"center center","background-size":"auto","background-attachment":"scroll","background-type":"","background-media":"","overlay-type":"","overlay-color":"","overlay-opacity":"","overlay-gradient":""},"tablet":{"background-color":"var(--ast-global-color-5)","background-image":"","background-repeat":"repeat","background-position":"center center","background-size":"auto","background-attachment":"scroll","background-type":"","background-media":"","overlay-type":"","overlay-color":"","overlay-opacity":"","overlay-gradient":""},"mobile":{"background-color":"var(--ast-global-color-5)","background-image":"","background-repeat":"repeat","background-position":"center center","background-size":"auto","background-attachment":"scroll","background-type":"","background-media":"","overlay-type":"","overlay-color":"","overlay-opacity":"","overlay-gradient":""}},"footnotes":""},"class_list":["post-57","page","type-page","status-publish","hentry"],"uagb_featured_image_src":{"full":false,"thumbnail":false,"medium":false,"medium_large":false,"large":false,"1536x1536":false,"2048x2048":false,"trp-custom-language-flag":false},"uagb_author_info":{"display_name":"admin","author_link":"https:\/\/neozoa-entertainment.com\/de\/author\/admin\/"},"uagb_comment_info":0,"uagb_excerpt":"The\u00a0team\u00a0behind\u00a0Neozoa Entertainment! Admittedly, &#8220;team&#8221; is here an euphemism &#8211; Neozoa Entertainment is as of now and in the foreseeable future only me, Amelie. So I am prepared to\u00a0fulfill all\u00a0roles necessary for game development in general and Neozoa Entertainment with its focus on intelligent algorithms more particularly. Fortunately my CV is &#8211; despite\u00a0my age &#8211; already&hellip;","_links":{"self":[{"href":"https:\/\/neozoa-entertainment.com\/de\/wp-json\/wp\/v2\/pages\/57","targetHints":{"allow":["GET"]}}],"collection":[{"href":"https:\/\/neozoa-entertainment.com\/de\/wp-json\/wp\/v2\/pages"}],"about":[{"href":"https:\/\/neozoa-entertainment.com\/de\/wp-json\/wp\/v2\/types\/page"}],"author":[{"embeddable":true,"href":"https:\/\/neozoa-entertainment.com\/de\/wp-json\/wp\/v2\/users\/1"}],"replies":[{"embeddable":true,"href":"https:\/\/neozoa-entertainment.com\/de\/wp-json\/wp\/v2\/comments?post=57"}],"version-history":[{"count":7,"href":"https:\/\/neozoa-entertainment.com\/de\/wp-json\/wp\/v2\/pages\/57\/revisions"}],"predecessor-version":[{"id":890,"href":"https:\/\/neozoa-entertainment.com\/de\/wp-json\/wp\/v2\/pages\/57\/revisions\/890"}],"wp:attachment":[{"href":"https:\/\/neozoa-entertainment.com\/de\/wp-json\/wp\/v2\/media?parent=57"}],"curies":[{"name":"wp","href":"https:\/\/api.w.org\/{rel}","templated":true}]}}